{"id":61,"date":"2012-04-30T10:49:54","date_gmt":"2012-04-30T14:49:54","guid":{"rendered":"http:\/\/blog.ufukonen.com\/?page_id=2"},"modified":"2012-04-30T10:49:54","modified_gmt":"2012-04-30T14:49:54","slug":"about-2","status":"publish","type":"page","link":"https:\/\/ufukonen.com\/en\/about-2","title":{"rendered":"Ufuk \u00d6nen"},"content":{"rendered":"<p><a href=\"http:\/\/ufukonen.files.wordpress.com\/2012\/04\/onen_110319.jpg\"><img loading=\"lazy\" class=\"alignleft  wp-image-125\" title=\"Onen_110319\" src=\"http:\/\/ufukonen.files.wordpress.com\/2012\/04\/onen_110319.jpg?w=300&#038;h=300\" alt=\"\" width=\"200\" height=\"200\" \/><\/a>Ufuk \u00d6nen, T\u00fcrkiye&#8217;de bir \u00e7ok m\u00fczik alb\u00fcm\u00fc ve benzeri \u00e7al\u0131\u015fmalar\u0131n yap\u0131mc\u0131l\u0131\u011f\u0131n\u0131 ve kay\u0131t m\u00fchendisli\u011fini \u00fcstlenmi\u015f, aralar\u0131nda uluslararas\u0131 festivallerde g\u00f6sterilmi\u015f filmler de olmak \u00fczere T\u00fcrkiye, Avrupa ve Kuzey Amerika tabanl\u0131 200&#8217;den fazla g\u00f6rsel-i\u015fitsel projede besteci, ses tasar\u0131mc\u0131s\u0131 ve ses kay\u0131t m\u00fchendisi olarak \u00e7al\u0131\u015fm\u0131\u015ft\u0131r.<\/p>\n<p>\u00d6nen, alan\u0131nda ilk T\u00fcrk\u00e7e kaynak olan <strong><em><a href=\"https:\/\/www.facebook.com\/pages\/Ses-Kayit-ve-M%C3%BCzik-Teknolojileri\/89077850155\" target=\"_blank\">Ses Kay\u0131t ve M\u00fczik Teknolojileri<\/a><\/em><\/strong>\u00a0(1. bas\u0131m: 2007; 5. bas\u0131m: 2011) ile <strong><em><a href=\"https:\/\/www.facebook.com\/pages\/Synthesizer-Teknolojileri-ve-Programlama-Ufuk-\u00d6nen-Teoman-Pasinlio\u011flu\/215332085146337\" target=\"_blank\">Synthesizer Teknolojileri ve Programlama: Ge\u00e7mi\u015ften G\u00fcn\u00fcm\u00fcze Pop\u00fcler Sentez Teknikleri<\/a><\/em><\/strong>\u00a0(2011) adl\u0131 kitaplar\u0131n yazar\u0131d\u0131r ve yine bu alanda 30&#8217;dan fazla makalesi yay\u0131nlanm\u0131\u015ft\u0131r.<\/p>\n<p>AES (Audio Engineering Society), IASPM (International Association for the Study of Popular Music) ve IASIG (Interactive Audio Special Interest Group) \u00fcyesi olan \u00d6nen, Bilkent \u00dcniversitesi&#8217;nde ses tasar\u0131m, g\u00f6rsel medya ve video prod\u00fcksiyon dersleri vermektedir.<\/p>\n<p>[\u00a0<a href=\"http:\/\/www.ufukonen.com\" target=\"_blank\">www.ufukonen.com<\/a>\u00a0] \u00a0 [\u00a0Twitter: @<a href=\"http:\/\/www.twitter.com\/ufukonen\" target=\"_blank\">ufukonen<\/a> ]<\/p>\n<p>&nbsp;<\/p>\n","protected":false},"excerpt":{"rendered":"<p>Ufuk \u00d6nen, T\u00fcrkiye&#8217;de bir \u00e7ok m\u00fczik alb\u00fcm\u00fc ve benzeri \u00e7al\u0131\u015fmalar\u0131n yap\u0131mc\u0131l\u0131\u011f\u0131n\u0131 ve kay\u0131t m\u00fchendisli\u011fini \u00fcstlenmi\u015f, aralar\u0131nda uluslararas\u0131 festivallerde g\u00f6sterilmi\u015f filmler de olmak \u00fczere T\u00fcrkiye, Avrupa ve Kuzey Amerika tabanl\u0131 200&#8217;den fazla g\u00f6rsel-i\u015fitsel projede besteci, ses tasar\u0131mc\u0131s\u0131 ve ses kay\u0131t m\u00fchendisi olarak \u00e7al\u0131\u015fm\u0131\u015ft\u0131r. \u00d6nen, alan\u0131nda ilk T\u00fcrk\u00e7e kaynak olan Ses Kay\u0131t ve M\u00fczik Teknolojileri\u00a0(1. bas\u0131m: 2007; [&hellip;]<\/p>\n","protected":false},"author":2,"featured_media":0,"parent":0,"menu_order":0,"comment_status":"open","ping_status":"open","template":"","meta":[],"yoast_head":"<!-- This site is optimized with the Yoast SEO plugin v17.6 - https:\/\/yoast.com\/wordpress\/plugins\/seo\/ -->\n<title>Ufuk \u00d6nen &mdash; Ufuk \u00d6nen<\/title>\n<meta name=\"robots\" content=\"index, follow, max-snippet:-1, max-image-preview:large, max-video-preview:-1\" \/>\n<link rel=\"canonical\" href=\"https:\/\/ufukonen.com\/en\/about-2\" \/>\n<meta property=\"og:locale\" content=\"en_US\" \/>\n<meta property=\"og:type\" content=\"article\" \/>\n<meta property=\"og:title\" content=\"Ufuk \u00d6nen &mdash; Ufuk \u00d6nen\" \/>\n<meta property=\"og:description\" content=\"Ufuk \u00d6nen, T\u00fcrkiye&#8217;de bir \u00e7ok m\u00fczik alb\u00fcm\u00fc ve benzeri \u00e7al\u0131\u015fmalar\u0131n yap\u0131mc\u0131l\u0131\u011f\u0131n\u0131 ve kay\u0131t m\u00fchendisli\u011fini \u00fcstlenmi\u015f, aralar\u0131nda uluslararas\u0131 festivallerde g\u00f6sterilmi\u015f filmler de olmak \u00fczere T\u00fcrkiye, Avrupa ve Kuzey Amerika tabanl\u0131 200&#8217;den fazla g\u00f6rsel-i\u015fitsel projede besteci, ses tasar\u0131mc\u0131s\u0131 ve ses kay\u0131t m\u00fchendisi olarak \u00e7al\u0131\u015fm\u0131\u015ft\u0131r. \u00d6nen, alan\u0131nda ilk T\u00fcrk\u00e7e kaynak olan Ses Kay\u0131t ve M\u00fczik Teknolojileri\u00a0(1. bas\u0131m: 2007; [&hellip;]\" \/>\n<meta property=\"og:url\" content=\"https:\/\/ufukonen.com\/en\/about-2\" \/>\n<meta property=\"og:site_name\" content=\"Ufuk \u00d6nen\" \/>\n<meta property=\"og:image\" content=\"http:\/\/ufukonen.files.wordpress.com\/2012\/04\/onen_110319.jpg?w=300&#038;h=300\" \/>\n<meta name=\"twitter:card\" content=\"summary_large_image\" \/>\n<meta name=\"twitter:label1\" content=\"Est. reading time\" \/>\n\t<meta name=\"twitter:data1\" content=\"1 minute\" \/>\n<script type=\"application\/ld+json\" class=\"yoast-schema-graph\">{\"@context\":\"https:\/\/schema.org\",\"@graph\":[{\"@type\":[\"Person\",\"Organization\"],\"@id\":\"https:\/\/ufukonen.com\/en\/#\/schema\/person\/8e30c94de52d4360cc5f43adf7dbf983\",\"name\":\"Ufuk Onen\",\"image\":{\"@type\":\"ImageObject\",\"@id\":\"https:\/\/ufukonen.com\/en\/#personlogo\",\"inLanguage\":\"en-US\",\"url\":\"https:\/\/secure.gravatar.com\/avatar\/2aa0746e71eedec81ea58187d35ce820?s=96&d=mm&r=g\",\"contentUrl\":\"https:\/\/secure.gravatar.com\/avatar\/2aa0746e71eedec81ea58187d35ce820?s=96&d=mm&r=g\",\"caption\":\"Ufuk Onen\"},\"logo\":{\"@id\":\"https:\/\/ufukonen.com\/en\/#personlogo\"},\"sameAs\":[\"http:\/\/www.ufukonen.com\"]},{\"@type\":\"WebSite\",\"@id\":\"https:\/\/ufukonen.com\/en\/#website\",\"url\":\"https:\/\/ufukonen.com\/en\/\",\"name\":\"Ufuk \\u00d6nen\",\"description\":\"Composer, Sound Designer, Audio Recording Engineer and Filmmaker\",\"publisher\":{\"@id\":\"https:\/\/ufukonen.com\/en\/#\/schema\/person\/8e30c94de52d4360cc5f43adf7dbf983\"},\"potentialAction\":[{\"@type\":\"SearchAction\",\"target\":{\"@type\":\"EntryPoint\",\"urlTemplate\":\"https:\/\/ufukonen.com\/en\/?s={search_term_string}\"},\"query-input\":\"required name=search_term_string\"}],\"inLanguage\":\"en-US\"},{\"@type\":\"ImageObject\",\"@id\":\"https:\/\/ufukonen.com\/en\/about-2#primaryimage\",\"inLanguage\":\"en-US\",\"url\":\"http:\/\/ufukonen.files.wordpress.com\/2012\/04\/onen_110319.jpg?w=300&h=300\",\"contentUrl\":\"http:\/\/ufukonen.files.wordpress.com\/2012\/04\/onen_110319.jpg?w=300&h=300\"},{\"@type\":\"WebPage\",\"@id\":\"https:\/\/ufukonen.com\/en\/about-2#webpage\",\"url\":\"https:\/\/ufukonen.com\/en\/about-2\",\"name\":\"Ufuk \\u00d6nen &mdash; Ufuk \\u00d6nen\",\"isPartOf\":{\"@id\":\"https:\/\/ufukonen.com\/en\/#website\"},\"primaryImageOfPage\":{\"@id\":\"https:\/\/ufukonen.com\/en\/about-2#primaryimage\"},\"datePublished\":\"2012-04-30T14:49:54+00:00\",\"dateModified\":\"2012-04-30T14:49:54+00:00\",\"breadcrumb\":{\"@id\":\"https:\/\/ufukonen.com\/en\/about-2#breadcrumb\"},\"inLanguage\":\"en-US\",\"potentialAction\":[{\"@type\":\"ReadAction\",\"target\":[\"https:\/\/ufukonen.com\/en\/about-2\"]}]},{\"@type\":\"BreadcrumbList\",\"@id\":\"https:\/\/ufukonen.com\/en\/about-2#breadcrumb\",\"itemListElement\":[{\"@type\":\"ListItem\",\"position\":1,\"name\":\"Home\",\"item\":\"https:\/\/ufukonen.com\/en\"},{\"@type\":\"ListItem\",\"position\":2,\"name\":\"Ufuk \\u00d6nen\"}]}]}<\/script>\n<!-- \/ Yoast SEO plugin. -->","yoast_head_json":{"title":"Ufuk \u00d6nen &mdash; Ufuk \u00d6nen","robots":{"index":"index","follow":"follow","max-snippet":"max-snippet:-1","max-image-preview":"max-image-preview:large","max-video-preview":"max-video-preview:-1"},"canonical":"https:\/\/ufukonen.com\/en\/about-2","og_locale":"en_US","og_type":"article","og_title":"Ufuk \u00d6nen &mdash; Ufuk \u00d6nen","og_description":"Ufuk \u00d6nen, T\u00fcrkiye&#8217;de bir \u00e7ok m\u00fczik alb\u00fcm\u00fc ve benzeri \u00e7al\u0131\u015fmalar\u0131n yap\u0131mc\u0131l\u0131\u011f\u0131n\u0131 ve kay\u0131t m\u00fchendisli\u011fini \u00fcstlenmi\u015f, aralar\u0131nda uluslararas\u0131 festivallerde g\u00f6sterilmi\u015f filmler de olmak \u00fczere T\u00fcrkiye, Avrupa ve Kuzey Amerika tabanl\u0131 200&#8217;den fazla g\u00f6rsel-i\u015fitsel projede besteci, ses tasar\u0131mc\u0131s\u0131 ve ses kay\u0131t m\u00fchendisi olarak \u00e7al\u0131\u015fm\u0131\u015ft\u0131r. \u00d6nen, alan\u0131nda ilk T\u00fcrk\u00e7e kaynak olan Ses Kay\u0131t ve M\u00fczik Teknolojileri\u00a0(1. bas\u0131m: 2007; [&hellip;]","og_url":"https:\/\/ufukonen.com\/en\/about-2","og_site_name":"Ufuk \u00d6nen","og_image":[{"url":"http:\/\/ufukonen.files.wordpress.com\/2012\/04\/onen_110319.jpg?w=300&h=300"}],"twitter_card":"summary_large_image","twitter_misc":{"Est. reading time":"1 minute"},"schema":{"@context":"https:\/\/schema.org","@graph":[{"@type":["Person","Organization"],"@id":"https:\/\/ufukonen.com\/en\/#\/schema\/person\/8e30c94de52d4360cc5f43adf7dbf983","name":"Ufuk Onen","image":{"@type":"ImageObject","@id":"https:\/\/ufukonen.com\/en\/#personlogo","inLanguage":"en-US","url":"https:\/\/secure.gravatar.com\/avatar\/2aa0746e71eedec81ea58187d35ce820?s=96&d=mm&r=g","contentUrl":"https:\/\/secure.gravatar.com\/avatar\/2aa0746e71eedec81ea58187d35ce820?s=96&d=mm&r=g","caption":"Ufuk Onen"},"logo":{"@id":"https:\/\/ufukonen.com\/en\/#personlogo"},"sameAs":["http:\/\/www.ufukonen.com"]},{"@type":"WebSite","@id":"https:\/\/ufukonen.com\/en\/#website","url":"https:\/\/ufukonen.com\/en\/","name":"Ufuk \u00d6nen","description":"Composer, Sound Designer, Audio Recording Engineer and Filmmaker","publisher":{"@id":"https:\/\/ufukonen.com\/en\/#\/schema\/person\/8e30c94de52d4360cc5f43adf7dbf983"},"potentialAction":[{"@type":"SearchAction","target":{"@type":"EntryPoint","urlTemplate":"https:\/\/ufukonen.com\/en\/?s={search_term_string}"},"query-input":"required name=search_term_string"}],"inLanguage":"en-US"},{"@type":"ImageObject","@id":"https:\/\/ufukonen.com\/en\/about-2#primaryimage","inLanguage":"en-US","url":"http:\/\/ufukonen.files.wordpress.com\/2012\/04\/onen_110319.jpg?w=300&h=300","contentUrl":"http:\/\/ufukonen.files.wordpress.com\/2012\/04\/onen_110319.jpg?w=300&h=300"},{"@type":"WebPage","@id":"https:\/\/ufukonen.com\/en\/about-2#webpage","url":"https:\/\/ufukonen.com\/en\/about-2","name":"Ufuk \u00d6nen &mdash; Ufuk \u00d6nen","isPartOf":{"@id":"https:\/\/ufukonen.com\/en\/#website"},"primaryImageOfPage":{"@id":"https:\/\/ufukonen.com\/en\/about-2#primaryimage"},"datePublished":"2012-04-30T14:49:54+00:00","dateModified":"2012-04-30T14:49:54+00:00","breadcrumb":{"@id":"https:\/\/ufukonen.com\/en\/about-2#breadcrumb"},"inLanguage":"en-US","potentialAction":[{"@type":"ReadAction","target":["https:\/\/ufukonen.com\/en\/about-2"]}]},{"@type":"BreadcrumbList","@id":"https:\/\/ufukonen.com\/en\/about-2#breadcrumb","itemListElement":[{"@type":"ListItem","position":1,"name":"Home","item":"https:\/\/ufukonen.com\/en"},{"@type":"ListItem","position":2,"name":"Ufuk \u00d6nen"}]}]}},"_links":{"self":[{"href":"https:\/\/ufukonen.com\/en\/wp-json\/wp\/v2\/pages\/61"}],"collection":[{"href":"https:\/\/ufukonen.com\/en\/wp-json\/wp\/v2\/pages"}],"about":[{"href":"https:\/\/ufukonen.com\/en\/wp-json\/wp\/v2\/types\/page"}],"author":[{"embeddable":true,"href":"https:\/\/ufukonen.com\/en\/wp-json\/wp\/v2\/users\/2"}],"replies":[{"embeddable":true,"href":"https:\/\/ufukonen.com\/en\/wp-json\/wp\/v2\/comments?post=61"}],"version-history":[{"count":0,"href":"https:\/\/ufukonen.com\/en\/wp-json\/wp\/v2\/pages\/61\/revisions"}],"wp:attachment":[{"href":"https:\/\/ufukonen.com\/en\/wp-json\/wp\/v2\/media?parent=61"}],"curies":[{"name":"wp","href":"https:\/\/api.w.org\/{rel}","templated":true}]}}